{"id":16779,"date":"2026-04-08T19:10:49","date_gmt":"2026-04-08T17:10:49","guid":{"rendered":"https:\/\/www.momiboutique.it\/negozio\/?post_type=product&#038;p=16779"},"modified":"2026-04-08T19:10:49","modified_gmt":"2026-04-08T17:10:49","slug":"top-in-pizzo-rebrode","status":"publish","type":"product","link":"https:\/\/www.momiboutique.it\/negozio\/prodotto\/top-in-pizzo-rebrode\/","title":{"rendered":"Top in pizzo r\u00e9brod\u00e9"},"content":{"rendered":"<p>100% poliestere. Materiale 2: 65% poliammide 35% cotone. Materiale 3: 95% poliestere 5% elastan<br \/>\nLavare delicatamente max 30\u00b0C, Lavare delicatamente max 30\u00b0C, Non trattare con cloro, Non trattare con cloro, Non usare asciugatrice, Non usare asciugatrice, Stirare a temperatura massima 110 \u00b0C, Non stirare, Non lavare a secco, Non lavare a secco, Asciugare appeso in ombra, Asciugare appeso in ombra<\/p>\n","protected":false},"excerpt":{"rendered":"<p>Top in pizzo r\u00e9brod\u00e9 rifinito a costine in tinta. Ha collo tondo, fondo smerlato, logo in metallo sul retro, top rimovibile in cr\u00eape de Chine in tinta con spalline sottili regolabili, linea morbida.<\/p>\n","protected":false},"featured_media":16783,"template":"","meta":{"_monsterinsights_skip_tracking":false,"_monsterinsights_sitenote_active":false,"_monsterinsights_sitenote_note":"","_monsterinsights_sitenote_category":0},"product_brand":[],"product_cat":[23,154,46],"product_tag":[60,26,139],"class_list":{"0":"post-16779","1":"product","2":"type-product","3":"status-publish","4":"has-post-thumbnail","6":"product_cat-abbigliamento","7":"product_cat-nuovi-arrivi","8":"product_cat-tops","9":"product_tag-top","10":"product_tag-twinset","11":"product_tag-twinset-ub","12":"yith_product_brand-twinset","13":"yith_product_brand-twinset-milano","14":"yith_product_brand-twinset-ub","16":"first","17":"instock","18":"taxable","19":"shipping-taxable","20":"purchasable","21":"product-type-variable"},"aioseo_notices":[],"_links":{"self":[{"href":"https:\/\/www.momiboutique.it\/negozio\/wp-json\/wp\/v2\/product\/16779","targetHints":{"allow":["GET"]}}],"collection":[{"href":"https:\/\/www.momiboutique.it\/negozio\/wp-json\/wp\/v2\/product"}],"about":[{"href":"https:\/\/www.momiboutique.it\/negozio\/wp-json\/wp\/v2\/types\/product"}],"version-history":[{"count":1,"href":"https:\/\/www.momiboutique.it\/negozio\/wp-json\/wp\/v2\/product\/16779\/revisions"}],"predecessor-version":[{"id":16785,"href":"https:\/\/www.momiboutique.it\/negozio\/wp-json\/wp\/v2\/product\/16779\/revisions\/16785"}],"wp:featuredmedia":[{"embeddable":true,"href":"https:\/\/www.momiboutique.it\/negozio\/wp-json\/wp\/v2\/media\/16783"}],"wp:attachment":[{"href":"https:\/\/www.momiboutique.it\/negozio\/wp-json\/wp\/v2\/media?parent=16779"}],"wp:term":[{"taxonomy":"product_brand","embeddable":true,"href":"https:\/\/www.momiboutique.it\/negozio\/wp-json\/wp\/v2\/product_brand?post=16779"},{"taxonomy":"product_cat","embeddable":true,"href":"https:\/\/www.momiboutique.it\/negozio\/wp-json\/wp\/v2\/product_cat?post=16779"},{"taxonomy":"product_tag","embeddable":true,"href":"https:\/\/www.momiboutique.it\/negozio\/wp-json\/wp\/v2\/product_tag?post=16779"}],"curies":[{"name":"wp","href":"https:\/\/api.w.org\/{rel}","templated":true}]}}