{"id":16685,"date":"2026-04-04T17:22:27","date_gmt":"2026-04-04T15:22:27","guid":{"rendered":"https:\/\/www.momiboutique.it\/negozio\/?post_type=product&#038;p=16685"},"modified":"2026-04-04T19:11:44","modified_gmt":"2026-04-04T17:11:44","slug":"abito-bimateriale-a-righe","status":"publish","type":"product","link":"https:\/\/www.momiboutique.it\/negozio\/prodotto\/abito-bimateriale-a-righe\/","title":{"rendered":"Abito Bimateriale a Righe"},"content":{"rendered":"<p>Exterior r1: Elastan 5%, Viscosa 65%, Nylon 30% | Exterior r2: Nylon 35%, Poliestere 65%<\/p>\n","protected":false},"excerpt":{"rendered":"<p>Abito bimateriale con top a righe e gonna nera. Senza maniche, perfetto per un look casual chic. Combina comfort e stile in un design versatile e moderno. Realizzato con materiali di alta qualit\u00e0 per una vestibilit\u00e0 perfetta e durabilit\u00e0.<\/p>\n","protected":false},"featured_media":16688,"template":"","meta":{"_monsterinsights_skip_tracking":false,"_monsterinsights_sitenote_active":false,"_monsterinsights_sitenote_note":"","_monsterinsights_sitenote_category":0},"product_brand":[],"product_cat":[23,24,154],"product_tag":[111,299],"class_list":{"0":"post-16685","1":"product","2":"type-product","3":"status-publish","4":"has-post-thumbnail","6":"product_cat-abbigliamento","7":"product_cat-abiti","8":"product_cat-nuovi-arrivi","9":"product_tag-abito","10":"product_tag-lola-casademunt","11":"yith_product_brand-lola-casademunt","13":"first","14":"instock","15":"taxable","16":"shipping-taxable","17":"purchasable","18":"product-type-variable"},"aioseo_notices":[],"_links":{"self":[{"href":"https:\/\/www.momiboutique.it\/negozio\/wp-json\/wp\/v2\/product\/16685","targetHints":{"allow":["GET"]}}],"collection":[{"href":"https:\/\/www.momiboutique.it\/negozio\/wp-json\/wp\/v2\/product"}],"about":[{"href":"https:\/\/www.momiboutique.it\/negozio\/wp-json\/wp\/v2\/types\/product"}],"version-history":[{"count":1,"href":"https:\/\/www.momiboutique.it\/negozio\/wp-json\/wp\/v2\/product\/16685\/revisions"}],"predecessor-version":[{"id":16690,"href":"https:\/\/www.momiboutique.it\/negozio\/wp-json\/wp\/v2\/product\/16685\/revisions\/16690"}],"wp:featuredmedia":[{"embeddable":true,"href":"https:\/\/www.momiboutique.it\/negozio\/wp-json\/wp\/v2\/media\/16688"}],"wp:attachment":[{"href":"https:\/\/www.momiboutique.it\/negozio\/wp-json\/wp\/v2\/media?parent=16685"}],"wp:term":[{"taxonomy":"product_brand","embeddable":true,"href":"https:\/\/www.momiboutique.it\/negozio\/wp-json\/wp\/v2\/product_brand?post=16685"},{"taxonomy":"product_cat","embeddable":true,"href":"https:\/\/www.momiboutique.it\/negozio\/wp-json\/wp\/v2\/product_cat?post=16685"},{"taxonomy":"product_tag","embeddable":true,"href":"https:\/\/www.momiboutique.it\/negozio\/wp-json\/wp\/v2\/product_tag?post=16685"}],"curies":[{"name":"wp","href":"https:\/\/api.w.org\/{rel}","templated":true}]}}