{"id":16245,"date":"2026-03-31T12:52:50","date_gmt":"2026-03-31T10:52:50","guid":{"rendered":"https:\/\/www.momiboutique.it\/negozio\/?post_type=product&#038;p=16245"},"modified":"2026-04-08T10:22:21","modified_gmt":"2026-04-08T08:22:21","slug":"abito-a-bustier-in-raso","status":"publish","type":"product","link":"https:\/\/www.momiboutique.it\/negozio\/prodotto\/abito-a-bustier-in-raso\/","title":{"rendered":"Abito a bustier in raso"},"content":{"rendered":"<p>100% poliestere.<\/p>\n","protected":false},"excerpt":{"rendered":"<p>Pensato per le occasioni pi\u00f9 eleganti, questo abito in raso lascia scoperto il d\u00e9collet\u00e9 e crea una linea a cuore sullo scollo. Il delicato drappeggio con linee asimmetriche crea movimento su tutta la lunghezza.<\/p>\n<ul>\n<li>Abito in raso tecnico<\/li>\n<li>Fit regolare<\/li>\n<li>Scollo a cuore con drappeggio asimmetrico<\/li>\n<li>Taglio sotto il seno<\/li>\n<li>Gonna ampia con spacco centrale<\/li>\n<\/ul>\n","protected":false},"featured_media":16250,"template":"","meta":{"_monsterinsights_skip_tracking":false,"_monsterinsights_sitenote_active":false,"_monsterinsights_sitenote_note":"","_monsterinsights_sitenote_category":0},"product_brand":[],"product_cat":[23,24,154],"product_tag":[111,48],"class_list":{"0":"post-16245","1":"product","2":"type-product","3":"status-publish","4":"has-post-thumbnail","6":"product_cat-abbigliamento","7":"product_cat-abiti","8":"product_cat-nuovi-arrivi","9":"product_tag-abito","10":"product_tag-emme-marella","11":"yith_product_brand-emme-marella","13":"first","14":"instock","15":"taxable","16":"shipping-taxable","17":"purchasable","18":"product-type-variable"},"aioseo_notices":[],"_links":{"self":[{"href":"https:\/\/www.momiboutique.it\/negozio\/wp-json\/wp\/v2\/product\/16245","targetHints":{"allow":["GET"]}}],"collection":[{"href":"https:\/\/www.momiboutique.it\/negozio\/wp-json\/wp\/v2\/product"}],"about":[{"href":"https:\/\/www.momiboutique.it\/negozio\/wp-json\/wp\/v2\/types\/product"}],"version-history":[{"count":2,"href":"https:\/\/www.momiboutique.it\/negozio\/wp-json\/wp\/v2\/product\/16245\/revisions"}],"predecessor-version":[{"id":16253,"href":"https:\/\/www.momiboutique.it\/negozio\/wp-json\/wp\/v2\/product\/16245\/revisions\/16253"}],"wp:featuredmedia":[{"embeddable":true,"href":"https:\/\/www.momiboutique.it\/negozio\/wp-json\/wp\/v2\/media\/16250"}],"wp:attachment":[{"href":"https:\/\/www.momiboutique.it\/negozio\/wp-json\/wp\/v2\/media?parent=16245"}],"wp:term":[{"taxonomy":"product_brand","embeddable":true,"href":"https:\/\/www.momiboutique.it\/negozio\/wp-json\/wp\/v2\/product_brand?post=16245"},{"taxonomy":"product_cat","embeddable":true,"href":"https:\/\/www.momiboutique.it\/negozio\/wp-json\/wp\/v2\/product_cat?post=16245"},{"taxonomy":"product_tag","embeddable":true,"href":"https:\/\/www.momiboutique.it\/negozio\/wp-json\/wp\/v2\/product_tag?post=16245"}],"curies":[{"name":"wp","href":"https:\/\/api.w.org\/{rel}","templated":true}]}}