{"id":15659,"date":"2026-03-25T16:45:57","date_gmt":"2026-03-25T15:45:57","guid":{"rendered":"https:\/\/www.momiboutique.it\/negozio\/?post_type=product&#038;p=15659"},"modified":"2026-04-08T12:03:32","modified_gmt":"2026-04-08T10:03:32","slug":"giacca-workwear-in-canvas-di-cotone","status":"publish","type":"product","link":"https:\/\/www.momiboutique.it\/negozio\/prodotto\/giacca-workwear-in-canvas-di-cotone\/","title":{"rendered":"Giacca workwear in canvas di cotone"},"content":{"rendered":"<p>100% cotone.<\/p>\n<p>In lavatrice max 30 gradi ridotta azione meccanica; non candeggiare; non asciugare in tamburo; asciugare appeso in ombra; ferro tiepido max 120 gradi c; lavare a secco delicato con percloroetilene.; lavare il capo allacciato.; lavare separatamente.; non stirare i bottoni.; proteggere i bottoni prima del lavaggio.; rovesciare il capo prima del lavaggio.; tinto in capo. costituisce sua particolarit\u00e1 la non uniformit\u00e1 di tinta e stiro.; pu\u00f2 lasciare tracce di colore su indumenti chiari.<\/p>\n","protected":false},"excerpt":{"rendered":"<p>Giacca monopetto d&#8217;ispirazione workwear, con label logata sul taschino alto sinistro.<\/p>\n<ul>\n<li>Giacca in canvas di puro cotone tinto in capo<\/li>\n<li>Linea ampia<\/li>\n<li>Colletto a camicia<\/li>\n<li>Maniche lunghe con spalla scesa<\/li>\n<li>Chiusura frontale con bottoni a vista<\/li>\n<li>4 tasche a toppa sul davanti di cui una con patta e bottone<\/li>\n<li>Sfoderata<\/li>\n<\/ul>\n","protected":false},"featured_media":15663,"template":"","meta":{"_monsterinsights_skip_tracking":false,"_monsterinsights_sitenote_active":false,"_monsterinsights_sitenote_note":"","_monsterinsights_sitenote_category":0},"product_brand":[],"product_cat":[23,28,154],"product_tag":[61,144],"class_list":{"0":"post-15659","1":"product","2":"type-product","3":"status-publish","4":"has-post-thumbnail","6":"product_cat-abbigliamento","7":"product_cat-giacche","8":"product_cat-nuovi-arrivi","9":"product_tag-giacca","10":"product_tag-weekend-max-mara","11":"yith_product_brand-weekend-maxmara","13":"first","14":"instock","15":"taxable","16":"shipping-taxable","17":"purchasable","18":"product-type-variable"},"aioseo_notices":[],"_links":{"self":[{"href":"https:\/\/www.momiboutique.it\/negozio\/wp-json\/wp\/v2\/product\/15659","targetHints":{"allow":["GET"]}}],"collection":[{"href":"https:\/\/www.momiboutique.it\/negozio\/wp-json\/wp\/v2\/product"}],"about":[{"href":"https:\/\/www.momiboutique.it\/negozio\/wp-json\/wp\/v2\/types\/product"}],"version-history":[{"count":1,"href":"https:\/\/www.momiboutique.it\/negozio\/wp-json\/wp\/v2\/product\/15659\/revisions"}],"predecessor-version":[{"id":16705,"href":"https:\/\/www.momiboutique.it\/negozio\/wp-json\/wp\/v2\/product\/15659\/revisions\/16705"}],"wp:featuredmedia":[{"embeddable":true,"href":"https:\/\/www.momiboutique.it\/negozio\/wp-json\/wp\/v2\/media\/15663"}],"wp:attachment":[{"href":"https:\/\/www.momiboutique.it\/negozio\/wp-json\/wp\/v2\/media?parent=15659"}],"wp:term":[{"taxonomy":"product_brand","embeddable":true,"href":"https:\/\/www.momiboutique.it\/negozio\/wp-json\/wp\/v2\/product_brand?post=15659"},{"taxonomy":"product_cat","embeddable":true,"href":"https:\/\/www.momiboutique.it\/negozio\/wp-json\/wp\/v2\/product_cat?post=15659"},{"taxonomy":"product_tag","embeddable":true,"href":"https:\/\/www.momiboutique.it\/negozio\/wp-json\/wp\/v2\/product_tag?post=15659"}],"curies":[{"name":"wp","href":"https:\/\/api.w.org\/{rel}","templated":true}]}}