{"id":564,"date":"2022-10-14T16:39:43","date_gmt":"2022-10-14T14:39:43","guid":{"rendered":"https:\/\/www.momiboutique.it\/negozio\/?page_id=564"},"modified":"2022-10-14T16:50:50","modified_gmt":"2022-10-14T14:50:50","slug":"terms","status":"publish","type":"page","link":"https:\/\/www.momiboutique.it\/negozio\/terms\/","title":{"rendered":"Condizioni di vendita"},"content":{"rendered":"\n<p><strong>TERMINI E CONDIZIONI DI VENDITA<\/strong><br><br><strong>1. Ambito di applicazione<\/strong><br>Nel presente documento sono riportate le Condizioni Generali di utilizzo del sito corrispondente al nome a dominio&nbsp;www.momiboutique.it&nbsp;in titolarit\u00e0 di DDL DI LABIANCA LAURA &amp; C. sas (di seguito, rispettivamente, le \u201c<strong>Condizioni<\/strong>\u201d ed il \u201c<strong>Sito<\/strong>\u201d) che regolano i rapporti di vendita tra la societ\u00e0 DDL DI LABIANCA LAURA &amp; C.sas, con sede in 66054 Vasto (CH) \u2013 Via Giulio Cesare 71, P.IVA e C.F. 02252860693 (di seguito denominata \u201c<strong>Momi Boutique<\/strong>\u201d o \u201c<strong>Venditore\u201d<\/strong> e tutte le persone&nbsp; che visitano o effettuano un acquisto tramite il sito web www.momiboutique.it (di seguito denominate \u201c<strong>Cliente<\/strong>\u201d).<br>L&#8217;offerta e la vendita di prodotti sul sito web www.momiboutique.it, sono pertanto disciplinati esclusivamente dalle presenti condizioni di vendita, formulate nel rispetto della normativa in materia di vendita a distanza ed in particolare agli artt. 50 e segg. del Codice del Consumo (D.lgs. n. 206 del 6 settembre 2005 e successive modifiche e integrazioni).<br>Le Condizioni potranno subire, in qualunque momento, revisioni od aggiornamenti da <strong>Momi Boutique<\/strong> in modo unilaterale ed a sua esclusiva discrezione, anche in forza di eventuali mutamenti normativi, senza che vi sia la necessit\u00e0 di preavvisare il Cliente. \u00c8 esclusivo onere di quest\u2019ultimo visionare le Condizioni periodicamente prima di accedere ai contenuti del Sito.<\/p>\n\n\n\n<p>Le Condizioni sono pubblicate nella homepage del Sito, mediante apposito link presente nella sezione \u201cTermini e Condizioni\u201d. L\u2019accesso al Sito, o qualunque altra azione che comporti la navigazione sul Sito stesso, comporta la piena conoscenza dei contenuti delle Condizioni da parte del Cliente e, per l\u2019effetto, la sua accettazione.<br>In aggiunta a quanto sopra, chiunque acceda al Sito<del>,<\/del> implicitamente dichiara di essere maggiorenne e di non utilizzare il Sito ed il materiale in esso contenuto per scopi illeciti o comunque contrari alle vigenti norme di legge.<br><br><strong>2. Conclusione del contratto<\/strong><br>Per concludere il contratto di acquisto di uno o pi\u00f9 prodotti il cliente dovr\u00e0 compilare il modulo d&#8217;ordine (di seguito \u201c<strong>Ordine<\/strong>\u201d) in formato elettronico e trasmetterlo al venditore per via telematica seguendo le relative istruzioni.<br>Il contratto di acquisto di uno o pi\u00f9 prodotti sul Sito si intender\u00e0 concluso tra il cliente e <strong>Momi Boutique<\/strong> quando il Venditore ricever\u00e0, per via telematica, l\u2019apposito modulo d&#8217;ordine, previa verifica della correttezza dei dati ad esso relativi.<br>Gli ordini, una volta trasmessi al sistema, non potranno essere modificati o bloccati. \u00c8 onere e&nbsp;responsabilit\u00e0 del Cliente accertarsi della loro correttezza prima di dare effettiva conferma. Con riferimento agli ordini eseguiti attraverso il Sito, entro i termini previsti dall\u2019art. 51 comma 7 del d.lgs. 206\/2005, sar\u00e0 inviata alla casella di posta elettronica del Cliente una e-mail di conferma dell\u2019ordine appena effettuato.<br><br>Nell\u2019Ordine, che sar\u00e0 visualizzato immediatamente prima della conclusione del contratto d\u2019acquisto, saranno fornite tutte le informazioni di sintesi relative alle caratteristiche essenziali di ciascun prodotto ordinato, alle presenti Condizioni ed alla Privacy policy. Con l\u2019invio dell\u2019Ordine il Cliente accetta espressamente e si impegna ad osservare incondizionatamente tutto quanto previsto e disciplinato dalle presenti Condizioni, dalla Privacy policy e dalle ulteriori informazioni contenute nel Sito.<br>Il modulo d&#8217;ordine sar\u00e0 archiviato presso la banca dati del Venditore per il periodo di tempo necessario all&#8217;evasione degli ordini e, comunque, per un periodo non superiore a quello previsto per legge.&nbsp;<br>Il Venditore potr\u00e0 rifiutare gli ordini d&#8217;acquisto ricevuti che non diano sufficienti garanzie di solvibilit\u00e0 o che risultino incompleti o non corretti ovvero in caso di indisponibilit\u00e0 dei prodotti.&nbsp;<br>In questi casi, <strong>Momi Boutique<\/strong> provveder\u00e0 ad informare il Cliente per posta elettronica, tempestivamente ed in ogni caso entro trenta (30) giorni a decorrere dal giorno successivo a quello in cui lo stesso cliente abbia trasmesso il suo ordine al Venditore, che il contratto non si \u00e8 concluso e che l\u2019Ordine \u00e8 stato rifiutato, indicandone i motivi. In caso di inoltro del l\u2019Ordine e contestuale pagamento del prezzo, il Venditore provveder\u00e0 a rimborsare, senza ritardo, quanto eventualmente gi\u00e0 anticipato dal Cliente .&nbsp;<br>Il Cliente, al momento dell&#8217;accettazione del proprio ordine, ricever\u00e0 per posta elettronica la conferma d\u2019ordine e di avvenuto pagamento &nbsp;in cui vi saranno indicate tutte le informazioni previste relative alle obbligazioni assunte: l&#8217;informazione circa i prodotti ordinati, l&#8217;importo pagato, le modalit\u00e0 di reso, le informazioni sui servizi di assistenza nonch\u00e9 le Condizioni di vendita e l\u2019informativa sulla privacy.<br>Il Cliente, inoltre, dichiara di prendere atto che il prodotto che acquista \u00e8 destinato esclusivamente al paese nel quale effettua l&#8217;ordine; pertanto, nell\u2019eventualit\u00e0 in cui il Cliente immetta il prodotto in un paese diverso, sar\u00e0 ritenuto responsabile in via esclusiva dell&#8217;immissione e, per l\u2019effetto, sar\u00e0 tenuto a seguire le normative e le restrizioni applicabili sia per l&#8217;esportazione dal paese in cui ha acquistato l&#8217;oggetto sia per l&#8217;importazione nel paese&nbsp;in cui il prodotto \u00e8 stato immesso.<br><br><strong>3. Prodotti venduti<\/strong><br>I prodotti offerti in vendita da <strong>Momi Boutique<\/strong> sono di ottima qualit\u00e0 e pregio e sugli stessi sono stati eseguiti tutti i controlli allo scopo dovuti.<br>Le caratteristiche essenziali dei prodotti sono presentate su www.momiboutique.it all&#8217;interno di ciascuna scheda prodotto. Le immagini e i colori dei prodotti offerti in vendita sul Sito potrebbero tuttavia non essere corrispondenti a quelli reali per effetto del browser Internet e del monitor utilizzato dal Cliente.<br>Il prezzo del prodotto pubblicato sul Sito \u00e8 relativo al singolo capo, espresso in Euro e comprensivo di IVA. <strong>Momi Boutique<\/strong> si prender\u00e0 carico del versamento di tutte le tasse, imposte, oneri (e\/o spese di spedizione per un ordine il cui valore sia uguale o superiore a \u20ac100,00). I prezzi pubblicati sul Sito potrebbero essere soggetti ad aggiornamenti e a promozioni a discrezione del Venditore. Il Cliente ha l\u2019obbligo di accertarsi del prezzo finale di vendita prima di inoltrare il relativo Ordine.<br><br><strong>4. Pagamenti<\/strong><br>Per il pagamento del prezzo dei prodotti e delle relative spese di spedizione e consegna, il Cliente dovr\u00e0 seguire le modalit\u00e0 indicate nel modulo d&#8217;ordine. In nessun caso saranno addebitati costi superiori a quelli effettivamente sostenuti dal Venditore, in relazione allo strumento di pagamento prescelto dal Cliente.<br>Il pagamento da parte del Cliente pu\u00f2 essere effettuato esclusivamente mediante carta di credito o account PayPal attivo. Sono accettate le seguenti carte di credito:<br>&#8211; Visa\/Visa Electron;<br>&#8211; Mastercard;<br>&#8211; PostePay<br>&#8211; American Express<br>L&#8217;importo complessivo dell&#8217;ordine \u00e8 impegnato sulla carta di credito o sul conto PayPal del Cliente al momento dell&#8217;inoltro dell&#8217;ordine a <strong>Momi Boutique<\/strong>, con contestuale accettazione da parte di <strong>Momi Boutique<\/strong> e attivazione della preparazione dei prodotti per la spedizione.<br>In caso di pagamento mediante carta di credito, le informazioni finanziarie (ad esempio, il numero della carta di credito\/debito o la data della sua scadenza) saranno inoltrate, tramite protocollo crittografato, a Nexi Payments Spa, fornitore dei relativi servizi di pagamento elettronico a distanza, senza che terzi possano, in alcun modo, avervi accesso. Tali informazioni, inoltre, non saranno mai utilizzate dal Venditore<ins>,<\/ins> se non per completare le procedure relative all\u2019 acquisto del Cliente e per emettere i relativi rimborsi in caso di eventuali restituzioni dei prodotti, a seguito di esercizio del diritto di recesso, ovvero qualora si renda necessario prevenire o segnalare alle forze di Polizia la commissione di frodi su <a href=\"http:\/\/www.negozipellizzari.it\/\">www.momiboutique.it<\/a>.<br>Il Cliente ricever\u00e0 all\u2019indirizzo da lui indicato la fattura di vendita se richiesta al momento della sottoscrizione dell\u2019ordine.<br>Se compri con Scalapay ricevi il tuo ordine subito e paghi in 3 rate. Prendi atto che le rate verranno cedute a Incremento SPV S.r.l., a soggetti correlati e ai loro cessionari, e che autorizzi tale cessione.<br><br><br><strong>5. Spedizione e consegna<\/strong><br>Tutti gli ordini del Cliente saranno consegnati all\u2019indirizzo di spedizione specificato al momento della trasmissione dell\u2019ordine. Gli articoli di un ordine potranno essere spediti al cliente da magazzini diversi. &nbsp;I costi di spedizioni saranno applicati una sola volta.<br>Il Cliente accetta che il Venditore potrebbe consegnare la merce in un quantitativo inferiore (per numero di capi o per modelli) da quanto indicato nell\u2019Ordine ed in tale eventualit\u00e0 il Cliente accetta che, ad eccezione dei casi di dolo o colpa grave del Venditore, l\u2019unico rimedio ad egli accordato consiste nel mancato addebito della merce oggetto di mancata consegna (o nel rimborso in caso di avvenuto addebito) senza possibilit\u00e0 per il Cliente di rifiutare la consegna, di risolvere il rapporto n\u00e9 di richiedere il risarcimento dell\u2019eventuale danno. Sono ammesse spedizioni parziali purch\u00e9 entro il limite di consegna confermato.<br>La consegna dei prodotti viene effettuata esclusivamente su territorio italiano, all&#8217;indirizzo indicato dal Cliente.<br>Il Cliente ricever\u00e0 dal Venditore una comunicazione per posta elettronica in cui verr\u00e0 data notizia dell\u2019avvio del processo di consegna con indicazione della presa in carico della spedizione da parte del Corriere. Una volta presa in carico la merce dal Vettore, le comunicazioni circa la consegna avverranno esclusivamente tra il Cliente e la societ\u00e0 fornitrice.<br>La data per la consegna della merce sar\u00e0 da intendersi come indicativa ma non vincolante per <a href=\"http:\/\/www.negozipellizzari.it\/\"><strong>Momi Boutique<\/strong><\/a>. Dalla notifica di presa in carico da parte del Corriere incaricato, saranno necessarie da 3 fino a 5 giorni per le consegne sulla penisola, fino a 7 giorni&nbsp;per le consegne sulle isole o le aree remote, salvo cause di forza maggiore.<br>La consegna ha un costo di \u20ac 6,00 per tutti gli ordini con subtotale prodotti inferiore a \u20ac 150,00.<br>La consegna \u00e8 gratuita per tutti gli ordini con subtotale prodotti uguale o superiore a \u20ac 150,00.<br>Il Cliente, una volta ricevuta la merce nell\u2019apposita scatola con logo <strong>Momi Boutique<\/strong>, dovr\u00e0 verificare che le etichette antieffrazione bianche con logo <strong>Momi Boutique<\/strong> non siano state manomesse. In difetto, e nel caso in cui vi sia stata una manomissione della scatola prima della consegna, il Cliente \u00e8 tenuto a non ritirare il pacco e a farne tempestiva comunicazione a mezzo posta elettronica compilando il form nella sezione \u201cContatti\u201d del Sito.<br><br><strong>6. Buono sconto<\/strong><br>Il Buono Sconto viene occasionalmente offerto da <strong>Momi Boutique<\/strong>.<br>In alcuni casi il Buono Sconto viene emesso in forma di codice promozionale alfanumerico da inserire nella pagina di riepilogo dell&#8217;ordine. In altri casi verr\u00e0 applicato automaticamente al primo ordine utile.<br>I codici sconto potranno essere veicolati con modalit\u00e0 diverse tra cui:<\/p>\n\n\n\n<ul class=\"wp-block-list\"><li>via e-mail&nbsp; nell&#8217;ambito di campagne di marketing diretto<\/li><li>mediante modalit\u00e0 diverse anche da parte di aziende partner di <strong>Momi Boutique<\/strong><\/li><\/ul>\n\n\n\n<p>L&#8217;importo relativo al Buono Sconto verr\u00e0 sottratto dall&#8217;importo totale dell&#8217;ordine e sar\u00e0 visualizzato nella pagina di riepilogo dell&#8217;ordine.<br>Non \u00e8 possibile utilizzare un Buono Sconto per pagare le spese di spedizione di un ordine.<br>Con la stessa modalit\u00e0 con cui viene comunicato il codice alfanumerico sar\u00e0 sempre indicato chiaramente l&#8217;importo e la scadenza del Buono Sconto nonch\u00e9 le condizioni d\u2019uso.<br>I codici sconto dovranno essere utilizzati entro il termine di scadenza. Oltre tale termine il Buono Sconto non potr\u00e0 pi\u00f9 essere utilizzato ed il possessore non potr\u00e0 richiedere la sostituzione con un altro codice avente validit\u00e0 superiore.<br>Il Buono Sconto \u00e8 utilizzabile esclusivamente sul Sito e non potr\u00e0 essere utilizzato nei punti vendita di propriet\u00e0 di <strong>Momi Boutique<\/strong>. Ugualmente i buoni rilasciati a fronte di un reso presso i punti vendita non potranno essere utilizzati per acquisti effettuati sul Sito.<br>Le gift card rilasciate presso i punti vendita non potranno essere utilizzate per acquisti effettuati sul Sito.<br>L&#8217;acquisto dei prodotti utilizzando il Buono Sconto \u00e8 comunque soggetto alle Termini e condizioni di vendita del Sito.<br>Alcune promozioni disponibili sul Sito potrebbero essere soggette a termini e condizioni d&#8217;uso particolari. Il cliente \u00e8 invitato a prenderne visione prima di effettuare l&#8217;acquisto.<br><br><strong>7. Contenuto del Sito<\/strong><br><strong>Momi Boutique<\/strong> intende offrire, tramite le pagine del Sito, informazioni a carattere generale in relazione alla propria attivit\u00e0 e, sebbene queste ultime vengano costantemente verificate ed aggiornate da personale competente e appositamente selezionato, resta inteso che il contenuto delle stesse, con riferimento alla materia trattata, non deve essere considerato n\u00e9 esaustivo n\u00e9 completo o comunque corretto. Pertanto, l\u2019utente che intende fare affidamento sulle informazioni riportate nel Sito dovr\u00e0 svolgere un\u2019autonoma ed ulteriore verifica della correttezza delle stesse. A questo proposito, <strong>Momi Boutique<\/strong> informa che il materiale contenuto nel Sito \u00e8 da considerarsi &#8220;<em>on as is basis<\/em>&#8220;, ossia potrebbe non essere adeguato e\/o idoneo per specifici scopi ed interessi perseguiti dal soggetto che accede alle sue pagine oppure potrebbe avere al suo interno elementi che, se riutilizzati, potrebbero determinare violazioni di diritti di propriet\u00e0 intellettuale in titolarit\u00e0 di terzi.<br>Sul Sito possono essere inseriti dei&nbsp;<em>link<\/em>&nbsp;collegati a siti di terzi. In tal caso, i collegamenti ipertestuali hanno unicamente la funzione di facilitare la navigazione dell\u2019utente senza che vi sia alcun rapporto tra il contenuto del Sito e quello del sito terzo raggiunto, il quale rimane estraneo alla sfera d\u2019azione di <strong>Momi Boutique<\/strong>. Inoltre, <strong>Momi Boutique<\/strong> rende noto che non pu\u00f2 influire in alcun modo sulla struttura dei siti terzi collegati al proprio n\u00e9 avere contezza della veridicit\u00e0, correttezza ed adeguatezza dei materiali e\/o informazioni in essi contenuti, e ci\u00f2 anche nell&#8217;ipotesi in cui sussistano dei rapporti negoziali fra <strong>Momi Boutique<\/strong> e il terzo titolare del sito destinatario del&nbsp;<em>link<\/em>.<br><br><strong>8. Diritti di propriet\u00e0 intellettuale ed industriale<\/strong><br>Tutti i contenuti del Sito sono protetti e tutelati dalle vigenti norme in materia di diritto d\u2019autore e di propriet\u00e0 industriale e\/o intellettuale. A titolo esemplificativo, ma non esaustivo, per contenuto del Sito debbono intendersi, tra l&#8217;altro:<\/p>\n\n\n\n<ul class=\"wp-block-list\"><li>i testi;<\/li><li>le fotografie;<\/li><li>i filmati;<\/li><li>le banche dati;<\/li><li>i grafici e le tabelle;<\/li><li>gli slogan;<\/li><li>le riproduzioni audio;<\/li><li>i disegni, animati o meno;<\/li><li>qualunque rappresentazione grafica e\/o di testo in genere.<\/li><\/ul>\n\n\n\n<p>Non \u00e8 pertanto possibile copiare e\/o riprodurre in tutto o in parte il contenuto del Sito senza l\u2019espressa autorizzazione scritta di <strong>Momi Boutique<\/strong>.<br>Al contempo, si segnala che tutti i marchi, nomi a dominio, denominazioni sociali, ditte ed insegne presenti sul Sito sono in titolarit\u00e0 di societ\u00e0 terze o di <strong>Momi Boutique<\/strong> e quindi protetti dalla vigente normativa in materia di segni distintivi. Ne \u00e8 pertanto assolutamente vietata la riproduzione in ogni forma o modo senza l\u2019espressa autorizzazione scritta di <strong>Momi Boutique<\/strong> o, ove diverso, del relativo titolare dei diritti cos\u00ec come \u00e8 da ritenersi altrettanto vietata la registrazione della denominazione &#8221; <strong>Momi Boutique<\/strong>&#8221; sotto qualunque&nbsp;<em>top level domain<\/em>.<br>In aggiunta, si informa che nelle pagine del Sito potrebbero trovare collocazione marchi, nomi a dominio, denominazioni sociali, ditte ed insegne in titolarit\u00e0 di terzi, con cui <strong>Momi Boutique<\/strong> ha rapporti di collaborazione a vario titolo, i quali godono della medesima tutela accordata ai segni distintivi di <strong>Momi Boutique<\/strong> dalle vigenti norme in materia.<br><br><strong>9. Caratteristiche del servizio<\/strong><br><strong>Momi Boutique<\/strong>, pur adottando tutte le soluzioni dal punto di vista tecnologico pi\u00f9 innovative ed all&#8217;avanguardia per fare in modo che il Sito sia costantemente accessibile e privo di difetti di ogni genere, rende noto che lo stesso potrebbe non essere raggiungibile e\/o compatibile con i sistemi informatici utilizzati per accedervi n\u00e9 libero da errori, virus e\/o ulteriori malfunzionamenti di tipo informatico.<br>Di conseguenza, chiunque accede al Sito riconosce ed accetta espressamente che la sua utilizzazione deve pertanto intendersi compiuta &#8220;<em>on as available basis<\/em>&#8220;.<\/p>\n\n\n\n<hr class=\"wp-block-separator has-alpha-channel-opacity\"\/>\n\n\n\n<h2 class=\"wp-block-heading\" id=\"return_policy_title\">Policy di reso<\/h2>\n\n\n\n<p>Il Cliente pu\u00f2 sempre chiedere il reso dei prodotti acquistati entro 14 giorni dalla ricezione della merce, seguendo la procedura indicata nella sezione \u201cResi e rimborsi\u201d nella Homepage del Sito.<br><br>Non \u00e8 possibile effettuare resi o cambi taglia degli ordini online nei punti vendita.<br><br>Per richiedere il reso di un prodotto, il Cliente dovr\u00e0 seguire la seguente procedura: (i) accedere al suo profilo sul Sito, (ii) entrare nella sezione &#8220;Ordini&#8221;, (iii) Cliccare \u201cVedi dettagli ordine\u201d, (iv) selezionare \u201cResi e restituzioni\u201d, (v) selezionare il prodotto da rendere indicando i motivi per cui vuole procedere con la restituzione del prodotto o qualsiasi altra indicazione utile al venditore ed (vi) inviare la richiesta di autorizzazione al reso.<br>Con il rispetto di tutti i termini previsti dalle presenti Condizioni per il reso, quest\u2019ultimo verr\u00e0 confermato ed il Cliente ricever\u00e0 dal Venditore una e-mail con le istruzioni per la consegna del capo al Venditore. Queste saranno, altres\u00ec, sempre consultabili nella sezione \u201cResi e Rimborsi\u201d sulla Homepage del sito.<br>Dal ricevimento della e-mail di autorizzazione al reso, il Cliente ha ulteriori 14 giorni di tempo per consegnare al Venditore i prodotti che \u00e8 stato autorizzato a rendere.<br>I costi di spedizione del reso saranno sempre a carico del cliente \u2013 salvo diverse comunicazioni da parte del Venditore &#8211; e ammonteranno a \u20ac 6,00. Tale importo verr\u00e0 decurtato dal rimborso a cui il Venditore provveder\u00e0, entro 14 giorni dalla ricezione del capo da rendere, nel caso in cui il reso venga confermato.<br>Il diritto di recesso &#8211; oltre al rispetto dei termini e delle modalit\u00e0 descritte dal presente articolo, si intende esercitato correttamente qualora siano interamente rispettate anche le seguenti condizioni:<br>&#8211; l&#8217;articolo non sia stato usato o abbia subito danni durante la prova;<br>&#8211; l&#8217;articolo non sia stato sporcato o abbia subito lavaggi;<br>&#8211; l&#8217;articolo conservi tutti i pendenti, le etichette, cartellini e le finiture originali;<br>&#8211; l\u2019articolo conservi l\u2019etichetta antifrode, tolta la quale non potr\u00e0 essere accettato il Reso;<br>&#8211; l&#8217;articolo non abbia subito modifiche di alcun tipo.<br>I prodotti dovranno essere restituiti nella loro confezione e scatole originali (ad esempio scatole di scarpe o piccoli accessori), con le etichette originali, involucri ed altri accessori (<em>dustbag<\/em>, copri abiti etc.) ricevuti nel pacco &#8211; che devono considerarsi come parte integrante dell&#8217;articolo stesso.<br>Le confezioni originali dei prodotti non dovranno, in nessun caso, essere utilizzate come scatole di imballaggio alternative per le spedizioni dei resi. Dovr\u00e0, infatti, essere utilizzata la medesima scatola ricevuta dal Venditore con la consegna, assicurandone la chiusura sigillando la scatola con nastro adesivo e seguendone le apposite istruzioni ricevute assieme all\u2019e-mail di autorizzazione al reso e nella sezione \u201cResi e rimborsi\u201d sulla Homepage del Sito.<br>Non appena il prodotto per cui \u00e8 stato chiesto il reso verr\u00e0 consegnato al magazzino di <strong>Momi Boutique<\/strong>, l&#8217;Ufficio preposto effettuer\u00e0 le opportune verifiche sui prodotti. Il cliente ricever\u00e0 una comunicazione tramite posta elettronica con l\u2019indicazione dell\u2019esito delle suddette verifiche.<br>Seguir\u00e0, pedissequamente, la disposizione di accredito dell&#8217;importo dovuto per tutti i capi ricevuti che soddisfino le condizioni di cu al presente articolo, meno l\u2019importo di \u20ac 6,00 come contributo per le spese di spedizione del reso che rimane a carico del Cliente. Il Venditore eseguir\u00e0 il rimborso utilizzando lo stesso mezzo di pagamento adoperato per il pagamento del prezzo dei prodotti restituiti. Non verranno rimborsate le spese di spedizione se pagate in fase d&#8217;ordine.<br>Se uno o pi\u00f9 articoli non soddisfacessero i controlli, il Venditore comunicher\u00e0 l\u2019esito negativo al Cliente.<br><strong>Momi Boutique<\/strong> provveder\u00e0 a spedire, in contrassegno tramite corriere convenzionato, presso l\u2019indirizzo di spedizione del Cliente, i capi giudicati non conformi. La spedizione \u00e8 da considerarsi a carico del Cliente.<br>Nel caso in cui il reso non fosse accettato da <strong>Momi Boutique<\/strong>, e il consumatore non ritenesse di riprendersi la merce, sar\u00e0 disposto un rimborso pari al valore del capo al netto della diminuzione del valore risultante da una manipolazione del bene diversa da quella necessaria&nbsp; per&nbsp; stabilire&nbsp; la&nbsp; natura,&nbsp; le&nbsp; caratteristiche&nbsp; e&nbsp; il funzionamento dei beni. La responsabilit\u00e0 di tale diminuzione \u00e8 imputabile esclusivamente al Cliente.<\/p>\n\n\n\n<p>Nel caso di reso per cambio taglia, va specificato nei motivi per cui si richiede&nbsp;il reso indicando qual \u00e8&nbsp;la taglia desiderata. Una volta rientrato il capo in sede, e dopo gli adeguati controlli, se disponibile la taglia, essa&nbsp;verr\u00e0 automaticamente spedita al cliente. Se non vi sar\u00e0 indicazione o disponibilt\u00e0 della taglia, ti verr\u00e0 accreditato&nbsp;l&#8217;importo nella stessa modalit\u00e0 con cui \u00e8 stato effettuato il pagamento decurtato del prezzo di \u20ac 6,00 per il contributo al reso.<\/p>\n","protected":false},"excerpt":{"rendered":"<p>TERMINI E CONDIZIONI DI VENDITA 1. Ambito di applicazioneNel presente documento sono riportate le Condizioni Generali di utilizzo del sito corrispondente al nome a dominio&nbsp;www.momiboutique.it&nbsp;in titolarit\u00e0 di DDL DI LABIANCA [&hellip;]<\/p>\n","protected":false},"author":2,"featured_media":0,"parent":0,"menu_order":0,"comment_status":"closed","ping_status":"closed","template":"","meta":{"_monsterinsights_skip_tracking":false,"_monsterinsights_sitenote_active":false,"_monsterinsights_sitenote_note":"","_monsterinsights_sitenote_category":0,"footnotes":""},"class_list":["post-564","page","type-page","status-publish","hentry"],"aioseo_notices":[],"_links":{"self":[{"href":"https:\/\/www.momiboutique.it\/negozio\/wp-json\/wp\/v2\/pages\/564","targetHints":{"allow":["GET"]}}],"collection":[{"href":"https:\/\/www.momiboutique.it\/negozio\/wp-json\/wp\/v2\/pages"}],"about":[{"href":"https:\/\/www.momiboutique.it\/negozio\/wp-json\/wp\/v2\/types\/page"}],"author":[{"embeddable":true,"href":"https:\/\/www.momiboutique.it\/negozio\/wp-json\/wp\/v2\/users\/2"}],"replies":[{"embeddable":true,"href":"https:\/\/www.momiboutique.it\/negozio\/wp-json\/wp\/v2\/comments?post=564"}],"version-history":[{"count":0,"href":"https:\/\/www.momiboutique.it\/negozio\/wp-json\/wp\/v2\/pages\/564\/revisions"}],"wp:attachment":[{"href":"https:\/\/www.momiboutique.it\/negozio\/wp-json\/wp\/v2\/media?parent=564"}],"curies":[{"name":"wp","href":"https:\/\/api.w.org\/{rel}","templated":true}]}}